{"id":414,"date":"2022-02-24T05:37:29","date_gmt":"2022-02-24T05:37:29","guid":{"rendered":"http:\/\/legacytc.mx\/?page_id=414"},"modified":"2023-04-25T08:53:45","modified_gmt":"2023-04-25T08:53:45","slug":"manejo-de-grano","status":"publish","type":"page","link":"https:\/\/legacytc.mx\/en\/manejo-de-grano\/","title":{"rendered":"Manejo de grano"},"content":{"rendered":"<div data-elementor-type=\"wp-page\" data-elementor-id=\"414\" class=\"elementor elementor-414\">\n\t\t\t\t\t\t\t\t\t<section class=\"elementor-section elementor-top-section elementor-element elementor-element-ba00fae elementor-section-boxed elementor-section-height-default elementor-section-height-default\" data-id=\"ba00fae\" data-element_type=\"section\" data-settings=\"{&quot;background_background&quot;:&quot;slideshow&quot;,&quot;background_slideshow_gallery&quot;:[{&quot;id&quot;:1749,&quot;url&quot;:&quot;https:\\\/\\\/legacytc.mx\\\/wp-content\\\/uploads\\\/2022\\\/10\\\/HEROIMAGE-1.png&quot;},{&quot;id&quot;:1904,&quot;url&quot;:&quot;https:\\\/\\\/legacytc.mx\\\/wp-content\\\/uploads\\\/2023\\\/03\\\/BG@2x-100-scaled.jpg&quot;}],&quot;background_slideshow_ken_burns&quot;:&quot;yes&quot;,&quot;background_slideshow_loop&quot;:&quot;yes&quot;,&quot;background_slideshow_slide_duration&quot;:5000,&quot;background_slideshow_slide_transition&quot;:&quot;fade&quot;,&quot;background_slideshow_transition_duration&quot;:500,&quot;background_slideshow_ken_burns_zoom_direction&quot;:&quot;in&quot;}\">\n\t\t\t\t\t\t<div class=\"elementor-container elementor-column-gap-default\">\n\t\t\t\t\t<div class=\"elementor-column elementor-col-100 elementor-top-column elementor-element elementor-element-5bfd4a5\" data-id=\"5bfd4a5\" data-element_type=\"column\">\n\t\t\t<div class=\"elementor-widget-wrap elementor-element-populated\">\n\t\t\t\t\t\t\t\t<div class=\"elementor-element elementor-element-de36763 elementor-widget elementor-widget-spacer\" data-id=\"de36763\" data-element_type=\"widget\" data-widget_type=\"spacer.default\">\n\t\t\t\t<div class=\"elementor-widget-container\">\n\t\t\t<style>\/*! elementor - v3.12.0 - 29-03-2023 *\/\n.elementor-column .elementor-spacer-inner{height:var(--spacer-size)}.e-con{--container-widget-width:100%}.e-con-inner>.elementor-widget-spacer,.e-con>.elementor-widget-spacer{width:var(--container-widget-width,var(--spacer-size));--align-self:var(--container-widget-align-self,initial);--flex-shrink:0}.e-con-inner>.elementor-widget-spacer>.elementor-widget-container,.e-con-inner>.elementor-widget-spacer>.elementor-widget-container>.elementor-spacer,.e-con>.elementor-widget-spacer>.elementor-widget-container,.e-con>.elementor-widget-spacer>.elementor-widget-container>.elementor-spacer{height:100%}.e-con-inner>.elementor-widget-spacer>.elementor-widget-container>.elementor-spacer>.elementor-spacer-inner,.e-con>.elementor-widget-spacer>.elementor-widget-container>.elementor-spacer>.elementor-spacer-inner{height:var(--container-widget-height,var(--spacer-size))}<\/style>\t\t<div class=\"elementor-spacer\">\n\t\t\t<div class=\"elementor-spacer-inner\"><\/div>\n\t\t<\/div>\n\t\t\t\t<\/div>\n\t\t\t\t<\/div>\n\t\t\t\t\t<\/div>\n\t\t<\/div>\n\t\t\t\t\t\t\t<\/div>\n\t\t<\/section>\n\t\t\t\t<section class=\"elementor-section elementor-top-section elementor-element elementor-element-a8ca707 elementor-section-full_width elementor-section-height-default elementor-section-height-default\" data-id=\"a8ca707\" data-element_type=\"section\">\n\t\t\t\t\t\t<div class=\"elementor-container elementor-column-gap-no\">\n\t\t\t\t\t<div class=\"elementor-column elementor-col-100 elementor-top-column elementor-element elementor-element-974ddb0\" data-id=\"974ddb0\" data-element_type=\"column\">\n\t\t\t<div class=\"elementor-widget-wrap elementor-element-populated\">\n\t\t\t\t\t\t\t\t<div class=\"elementor-element elementor-element-f6927b5 elementor-widget elementor-widget-qi_addons_for_elementor_dual_image_with_content\" data-id=\"f6927b5\" data-element_type=\"widget\" data-widget_type=\"qi_addons_for_elementor_dual_image_with_content.default\">\n\t\t\t\t<div class=\"elementor-widget-container\">\n\t\t\t<div class=\"qodef-shortcode qodef-m  qodef-qi-dual-image-with-content qodef--content-left qodef-decoration--italic  qodef-qi--has-appear\">\n\t<div class=\"qodef-dual-content\">\n\t\t<div class=\"qodef-m-inner-content\">\n\t\t\t\t<h2 class=\"qodef-m-title\">\n\t\tGrain handling (dry area)\t<\/h2>\n\t\t\t\t<p class=\"qodef-m-text\">We will emphasize it, and other experts will confirm it: good milling is the cornerstone of a good operation. Efficient extraction can only be achieved when the grain is properly broken. At Legacy we have integrated the most efficient grain handling system to ensure that your production is pleasant, simple and efficient. <\/br><\/br>\n- Mills.<\/br>\n- Grain conveyors.<\/br>\n- Silos for grain storage.<\/br>\n<\/br>\nAt Legacy we have created alliances with the best mill suppliers to ensure that your production is pleasant, simple and efficient.<\/br>\nWe have mills from 200Kg\/hr up to 1 ton. <\/p>\n\t\t<\/div>\n\t\t<div class=\"qodef-m-inner-bottom\">\n\t\t\t\t\t<\/div>\n\t<\/div>\n\t<div class=\"qodef-image-holder\">\n\t\t<div class=\"qodef-m-main-image\">\n\t<img width=\"683\" height=\"1024\" src=\"https:\/\/legacytc.mx\/wp-content\/uploads\/2023\/04\/marek-studzinski-JDXObv46zxU-unsplash-683x1024.jpg\" class=\"attachment-large size-large\" alt=\"\" decoding=\"async\" srcset=\"https:\/\/legacytc.mx\/wp-content\/uploads\/2023\/04\/marek-studzinski-JDXObv46zxU-unsplash-683x1024.jpg 683w, https:\/\/legacytc.mx\/wp-content\/uploads\/2023\/04\/marek-studzinski-JDXObv46zxU-unsplash-200x300.jpg 200w, https:\/\/legacytc.mx\/wp-content\/uploads\/2023\/04\/marek-studzinski-JDXObv46zxU-unsplash-768x1152.jpg 768w, https:\/\/legacytc.mx\/wp-content\/uploads\/2023\/04\/marek-studzinski-JDXObv46zxU-unsplash-1024x1536.jpg 1024w, https:\/\/legacytc.mx\/wp-content\/uploads\/2023\/04\/marek-studzinski-JDXObv46zxU-unsplash-1365x2048.jpg 1365w, https:\/\/legacytc.mx\/wp-content\/uploads\/2023\/04\/marek-studzinski-JDXObv46zxU-unsplash-8x12.jpg 8w, https:\/\/legacytc.mx\/wp-content\/uploads\/2023\/04\/marek-studzinski-JDXObv46zxU-unsplash-600x900.jpg 600w, https:\/\/legacytc.mx\/wp-content\/uploads\/2023\/04\/marek-studzinski-JDXObv46zxU-unsplash-scaled.jpg 1707w\" sizes=\"(max-width: 683px) 100vw, 683px\" \/><\/div>\n\t\t<div class=\"qodef-m-second-image\">\n\t<img width=\"300\" height=\"185\" src=\"https:\/\/legacytc.mx\/wp-content\/uploads\/2022\/02\/LOGO-LEGACY-TRANSPARENCIA-e1650905665537-300x185.png\" class=\"attachment-medium size-medium\" alt=\"\" decoding=\"async\" srcset=\"https:\/\/legacytc.mx\/wp-content\/uploads\/2022\/02\/LOGO-LEGACY-TRANSPARENCIA-e1650905665537-300x185.png 300w, https:\/\/legacytc.mx\/wp-content\/uploads\/2022\/02\/LOGO-LEGACY-TRANSPARENCIA-e1650905665537.png 573w\" sizes=\"(max-width: 300px) 100vw, 300px\" \/><\/div>\n\t<\/div>\n<\/div>\n\t\t<\/div>\n\t\t\t\t<\/div>\n\t\t\t\t\t<\/div>\n\t\t<\/div>\n\t\t\t\t\t\t\t<\/div>\n\t\t<\/section>\n\t\t\t\t\t\t\t<\/div>","protected":false},"excerpt":{"rendered":"<p>Manejo de grano (\u00c1rea seca) Nosotros te lo decimos y otros expertos lo confirmar\u00e1n: una buena molienda es la piedra angular de una buena operaci\u00f3n. Una extracci\u00f3n eficiente solamente puede ser alcanzada cuando el quebrado del grano es el adecuado. En Legacy hemos integrado el sistema de manejo de grano m\u00e1s eficiente para asegurarnos que&#8230;<\/p>","protected":false},"author":2,"featured_media":0,"parent":0,"menu_order":0,"comment_status":"closed","ping_status":"closed","template":"elementor_header_footer","meta":{"_kad_post_transparent":"","_kad_post_title":"","_kad_post_layout":"","_kad_post_sidebar_id":"","_kad_post_content_style":"","_kad_post_vertical_padding":"","_kad_post_feature":"","_kad_post_feature_position":"","_kad_post_header":false,"_kad_post_footer":false},"yoast_head":"<!-- This site is optimized with the Yoast SEO plugin v20.6 - https:\/\/yoast.com\/wordpress\/plugins\/seo\/ -->\n<title>Manejo de grano - Legacy<\/title>\n<meta name=\"robots\" content=\"index, follow, max-snippet:-1, max-image-preview:large, max-video-preview:-1\" \/>\n<link rel=\"canonical\" href=\"https:\/\/legacytc.mx\/en\/manejo-de-grano\/\" \/>\n<meta property=\"og:locale\" content=\"en_US\" \/>\n<meta property=\"og:type\" content=\"article\" \/>\n<meta property=\"og:title\" content=\"Manejo de grano - Legacy\" \/>\n<meta property=\"og:description\" content=\"Manejo de grano (\u00c1rea seca) Nosotros te lo decimos y otros expertos lo confirmar\u00e1n: una buena molienda es la piedra angular de una buena operaci\u00f3n. Una extracci\u00f3n eficiente solamente puede ser alcanzada cuando el quebrado del grano es el adecuado. En Legacy hemos integrado el sistema de manejo de grano m\u00e1s eficiente para asegurarnos que...\" \/>\n<meta property=\"og:url\" content=\"https:\/\/legacytc.mx\/en\/manejo-de-grano\/\" \/>\n<meta property=\"og:site_name\" content=\"Legacy\" \/>\n<meta property=\"article:publisher\" content=\"https:\/\/www.facebook.com\/legacytec\" \/>\n<meta property=\"article:modified_time\" content=\"2023-04-25T08:53:45+00:00\" \/>\n<meta property=\"og:image\" content=\"https:\/\/legacytc.mx\/wp-content\/uploads\/2023\/04\/marek-studzinski-JDXObv46zxU-unsplash-683x1024.jpg\" \/>\n<meta name=\"twitter:card\" content=\"summary_large_image\" \/>\n<meta name=\"twitter:label1\" content=\"Est. reading time\" \/>\n\t<meta name=\"twitter:data1\" content=\"1 minute\" \/>\n<script type=\"application\/ld+json\" class=\"yoast-schema-graph\">{\"@context\":\"https:\/\/schema.org\",\"@graph\":[{\"@type\":\"WebPage\",\"@id\":\"https:\/\/legacytc.mx\/en\/manejo-de-grano\/\",\"url\":\"https:\/\/legacytc.mx\/en\/manejo-de-grano\/\",\"name\":\"Manejo de grano - Legacy\",\"isPartOf\":{\"@id\":\"https:\/\/legacytc.mx\/#website\"},\"datePublished\":\"2022-02-24T05:37:29+00:00\",\"dateModified\":\"2023-04-25T08:53:45+00:00\",\"breadcrumb\":{\"@id\":\"https:\/\/legacytc.mx\/en\/manejo-de-grano\/#breadcrumb\"},\"inLanguage\":\"en-US\",\"potentialAction\":[{\"@type\":\"ReadAction\",\"target\":[\"https:\/\/legacytc.mx\/en\/manejo-de-grano\/\"]}]},{\"@type\":\"BreadcrumbList\",\"@id\":\"https:\/\/legacytc.mx\/en\/manejo-de-grano\/#breadcrumb\",\"itemListElement\":[{\"@type\":\"ListItem\",\"position\":1,\"name\":\"Inicio\",\"item\":\"https:\/\/legacytc.mx\/\"},{\"@type\":\"ListItem\",\"position\":2,\"name\":\"Manejo de grano\"}]},{\"@type\":\"WebSite\",\"@id\":\"https:\/\/legacytc.mx\/#website\",\"url\":\"https:\/\/legacytc.mx\/\",\"name\":\"Legacy TC - Tecnolog\u00eda en Acero\",\"description\":\"Tecnolog\u00eda Cervecera\",\"publisher\":{\"@id\":\"https:\/\/legacytc.mx\/#organization\"},\"alternateName\":\"Legacy TC\",\"potentialAction\":[{\"@type\":\"SearchAction\",\"target\":{\"@type\":\"EntryPoint\",\"urlTemplate\":\"https:\/\/legacytc.mx\/?s={search_term_string}\"},\"query-input\":\"required name=search_term_string\"}],\"inLanguage\":\"en-US\"},{\"@type\":\"Organization\",\"@id\":\"https:\/\/legacytc.mx\/#organization\",\"name\":\"Legacy TC\",\"url\":\"https:\/\/legacytc.mx\/\",\"logo\":{\"@type\":\"ImageObject\",\"inLanguage\":\"en-US\",\"@id\":\"https:\/\/legacytc.mx\/#\/schema\/logo\/image\/\",\"url\":\"https:\/\/legacytc.mx\/wp-content\/uploads\/2023\/04\/isoblack.png\",\"contentUrl\":\"https:\/\/legacytc.mx\/wp-content\/uploads\/2023\/04\/isoblack.png\",\"width\":455,\"height\":513,\"caption\":\"Legacy TC\"},\"image\":{\"@id\":\"https:\/\/legacytc.mx\/#\/schema\/logo\/image\/\"},\"sameAs\":[\"https:\/\/www.facebook.com\/legacytec\",\"https:\/\/www.instagram.com\/legacytec\/\"]}]}<\/script>\n<!-- \/ Yoast SEO plugin. -->","yoast_head_json":{"title":"Manejo de grano - Legacy","robots":{"index":"index","follow":"follow","max-snippet":"max-snippet:-1","max-image-preview":"max-image-preview:large","max-video-preview":"max-video-preview:-1"},"canonical":"https:\/\/legacytc.mx\/en\/manejo-de-grano\/","og_locale":"en_US","og_type":"article","og_title":"Manejo de grano - Legacy","og_description":"Manejo de grano (\u00c1rea seca) Nosotros te lo decimos y otros expertos lo confirmar\u00e1n: una buena molienda es la piedra angular de una buena operaci\u00f3n. Una extracci\u00f3n eficiente solamente puede ser alcanzada cuando el quebrado del grano es el adecuado. En Legacy hemos integrado el sistema de manejo de grano m\u00e1s eficiente para asegurarnos que...","og_url":"https:\/\/legacytc.mx\/en\/manejo-de-grano\/","og_site_name":"Legacy","article_publisher":"https:\/\/www.facebook.com\/legacytec","article_modified_time":"2023-04-25T08:53:45+00:00","og_image":[{"url":"https:\/\/legacytc.mx\/wp-content\/uploads\/2023\/04\/marek-studzinski-JDXObv46zxU-unsplash-683x1024.jpg"}],"twitter_card":"summary_large_image","twitter_misc":{"Est. reading time":"1 minute"},"schema":{"@context":"https:\/\/schema.org","@graph":[{"@type":"WebPage","@id":"https:\/\/legacytc.mx\/en\/manejo-de-grano\/","url":"https:\/\/legacytc.mx\/en\/manejo-de-grano\/","name":"Manejo de grano - Legacy","isPartOf":{"@id":"https:\/\/legacytc.mx\/#website"},"datePublished":"2022-02-24T05:37:29+00:00","dateModified":"2023-04-25T08:53:45+00:00","breadcrumb":{"@id":"https:\/\/legacytc.mx\/en\/manejo-de-grano\/#breadcrumb"},"inLanguage":"en-US","potentialAction":[{"@type":"ReadAction","target":["https:\/\/legacytc.mx\/en\/manejo-de-grano\/"]}]},{"@type":"BreadcrumbList","@id":"https:\/\/legacytc.mx\/en\/manejo-de-grano\/#breadcrumb","itemListElement":[{"@type":"ListItem","position":1,"name":"Inicio","item":"https:\/\/legacytc.mx\/"},{"@type":"ListItem","position":2,"name":"Manejo de grano"}]},{"@type":"WebSite","@id":"https:\/\/legacytc.mx\/#website","url":"https:\/\/legacytc.mx\/","name":"Legacy TC - Tecnolog\u00eda en Acero","description":"Tecnolog\u00eda Cervecera","publisher":{"@id":"https:\/\/legacytc.mx\/#organization"},"alternateName":"Legacy TC","potentialAction":[{"@type":"SearchAction","target":{"@type":"EntryPoint","urlTemplate":"https:\/\/legacytc.mx\/?s={search_term_string}"},"query-input":"required name=search_term_string"}],"inLanguage":"en-US"},{"@type":"Organization","@id":"https:\/\/legacytc.mx\/#organization","name":"Legacy TC","url":"https:\/\/legacytc.mx\/","logo":{"@type":"ImageObject","inLanguage":"en-US","@id":"https:\/\/legacytc.mx\/#\/schema\/logo\/image\/","url":"https:\/\/legacytc.mx\/wp-content\/uploads\/2023\/04\/isoblack.png","contentUrl":"https:\/\/legacytc.mx\/wp-content\/uploads\/2023\/04\/isoblack.png","width":455,"height":513,"caption":"Legacy TC"},"image":{"@id":"https:\/\/legacytc.mx\/#\/schema\/logo\/image\/"},"sameAs":["https:\/\/www.facebook.com\/legacytec","https:\/\/www.instagram.com\/legacytec\/"]}]}},"_links":{"self":[{"href":"https:\/\/legacytc.mx\/en\/wp-json\/wp\/v2\/pages\/414"}],"collection":[{"href":"https:\/\/legacytc.mx\/en\/wp-json\/wp\/v2\/pages"}],"about":[{"href":"https:\/\/legacytc.mx\/en\/wp-json\/wp\/v2\/types\/page"}],"author":[{"embeddable":true,"href":"https:\/\/legacytc.mx\/en\/wp-json\/wp\/v2\/users\/2"}],"replies":[{"embeddable":true,"href":"https:\/\/legacytc.mx\/en\/wp-json\/wp\/v2\/comments?post=414"}],"version-history":[{"count":49,"href":"https:\/\/legacytc.mx\/en\/wp-json\/wp\/v2\/pages\/414\/revisions"}],"predecessor-version":[{"id":2385,"href":"https:\/\/legacytc.mx\/en\/wp-json\/wp\/v2\/pages\/414\/revisions\/2385"}],"wp:attachment":[{"href":"https:\/\/legacytc.mx\/en\/wp-json\/wp\/v2\/media?parent=414"}],"curies":[{"name":"wp","href":"https:\/\/api.w.org\/{rel}","templated":true}]}}