{"id":368,"date":"2022-02-24T04:48:02","date_gmt":"2022-02-24T04:48:02","guid":{"rendered":"http:\/\/legacytc.mx\/?page_id=368"},"modified":"2023-04-25T09:20:53","modified_gmt":"2023-04-25T09:20:53","slug":"servicios","status":"publish","type":"page","link":"https:\/\/legacytc.mx\/en\/servicios\/","title":{"rendered":"Servicios"},"content":{"rendered":"<div data-elementor-type=\"wp-page\" data-elementor-id=\"368\" class=\"elementor elementor-368\">\n\t\t\t\t\t\t\t\t\t<section class=\"elementor-section elementor-top-section elementor-element elementor-element-9c9b94d elementor-section-boxed elementor-section-height-default elementor-section-height-default\" data-id=\"9c9b94d\" data-element_type=\"section\" data-settings=\"{&quot;background_background&quot;:&quot;slideshow&quot;,&quot;background_slideshow_gallery&quot;:[{&quot;id&quot;:1904,&quot;url&quot;:&quot;https:\\\/\\\/legacytc.mx\\\/wp-content\\\/uploads\\\/2023\\\/03\\\/BG@2x-100-scaled.jpg&quot;},{&quot;id&quot;:1749,&quot;url&quot;:&quot;https:\\\/\\\/legacytc.mx\\\/wp-content\\\/uploads\\\/2022\\\/10\\\/HEROIMAGE-1.png&quot;}],&quot;background_slideshow_ken_burns&quot;:&quot;yes&quot;,&quot;background_slideshow_loop&quot;:&quot;yes&quot;,&quot;background_slideshow_slide_duration&quot;:5000,&quot;background_slideshow_slide_transition&quot;:&quot;fade&quot;,&quot;background_slideshow_transition_duration&quot;:500,&quot;background_slideshow_ken_burns_zoom_direction&quot;:&quot;in&quot;}\">\n\t\t\t\t\t\t<div class=\"elementor-container elementor-column-gap-default\">\n\t\t\t\t\t<div class=\"elementor-column elementor-col-100 elementor-top-column elementor-element elementor-element-c50d74f\" data-id=\"c50d74f\" data-element_type=\"column\">\n\t\t\t<div class=\"elementor-widget-wrap elementor-element-populated\">\n\t\t\t\t\t\t\t\t<div class=\"elementor-element elementor-element-8bd1f34 elementor-widget elementor-widget-spacer\" data-id=\"8bd1f34\" data-element_type=\"widget\" data-widget_type=\"spacer.default\">\n\t\t\t\t<div class=\"elementor-widget-container\">\n\t\t\t<style>\/*! elementor - v3.12.0 - 29-03-2023 *\/\n.elementor-column .elementor-spacer-inner{height:var(--spacer-size)}.e-con{--container-widget-width:100%}.e-con-inner>.elementor-widget-spacer,.e-con>.elementor-widget-spacer{width:var(--container-widget-width,var(--spacer-size));--align-self:var(--container-widget-align-self,initial);--flex-shrink:0}.e-con-inner>.elementor-widget-spacer>.elementor-widget-container,.e-con-inner>.elementor-widget-spacer>.elementor-widget-container>.elementor-spacer,.e-con>.elementor-widget-spacer>.elementor-widget-container,.e-con>.elementor-widget-spacer>.elementor-widget-container>.elementor-spacer{height:100%}.e-con-inner>.elementor-widget-spacer>.elementor-widget-container>.elementor-spacer>.elementor-spacer-inner,.e-con>.elementor-widget-spacer>.elementor-widget-container>.elementor-spacer>.elementor-spacer-inner{height:var(--container-widget-height,var(--spacer-size))}<\/style>\t\t<div class=\"elementor-spacer\">\n\t\t\t<div class=\"elementor-spacer-inner\"><\/div>\n\t\t<\/div>\n\t\t\t\t<\/div>\n\t\t\t\t<\/div>\n\t\t\t\t\t<\/div>\n\t\t<\/div>\n\t\t\t\t\t\t\t<\/div>\n\t\t<\/section>\n\t\t\t\t<section class=\"elementor-section elementor-top-section elementor-element elementor-element-2a5aea6 elementor-section-boxed elementor-section-height-default elementor-section-height-default\" data-id=\"2a5aea6\" data-element_type=\"section\">\n\t\t\t\t\t\t<div class=\"elementor-container elementor-column-gap-default\">\n\t\t\t\t\t<div class=\"elementor-column elementor-col-100 elementor-top-column elementor-element elementor-element-782df57\" data-id=\"782df57\" data-element_type=\"column\">\n\t\t\t<div class=\"elementor-widget-wrap elementor-element-populated\">\n\t\t\t\t\t\t\t\t<div class=\"elementor-element elementor-element-df2d2b5 elementor-widget elementor-widget-heading\" data-id=\"df2d2b5\" data-element_type=\"widget\" data-widget_type=\"heading.default\">\n\t\t\t\t<div class=\"elementor-widget-container\">\n\t\t\t<style>\/*! elementor - v3.12.0 - 29-03-2023 *\/\n.elementor-heading-title{padding:0;margin:0;line-height:1}.elementor-widget-heading .elementor-heading-title[class*=elementor-size-]>a{color:inherit;font-size:inherit;line-height:inherit}.elementor-widget-heading .elementor-heading-title.elementor-size-small{font-size:15px}.elementor-widget-heading .elementor-heading-title.elementor-size-medium{font-size:19px}.elementor-widget-heading .elementor-heading-title.elementor-size-large{font-size:29px}.elementor-widget-heading .elementor-heading-title.elementor-size-xl{font-size:39px}.elementor-widget-heading .elementor-heading-title.elementor-size-xxl{font-size:59px}<\/style><h2 class=\"elementor-heading-title elementor-size-default\">SERVICES, ADVISORY AND CONSULTING SERVICES<\/h2>\t\t<\/div>\n\t\t\t\t<\/div>\n\t\t\t\t<section class=\"elementor-section elementor-inner-section elementor-element elementor-element-3718d10 elementor-section-content-middle elementor-section-boxed elementor-section-height-default elementor-section-height-default\" data-id=\"3718d10\" data-element_type=\"section\">\n\t\t\t\t\t\t<div class=\"elementor-container elementor-column-gap-wide\">\n\t\t\t\t\t<div class=\"elementor-column elementor-col-50 elementor-inner-column elementor-element elementor-element-b544cf2\" data-id=\"b544cf2\" data-element_type=\"column\">\n\t\t\t<div class=\"elementor-widget-wrap elementor-element-populated\">\n\t\t\t\t\t\t\t\t<div class=\"elementor-element elementor-element-a438279 elementor-widget elementor-widget-text-editor\" data-id=\"a438279\" data-element_type=\"widget\" data-widget_type=\"text-editor.default\">\n\t\t\t\t<div class=\"elementor-widget-container\">\n\t\t\t<style>\/*! elementor - v3.12.0 - 29-03-2023 *\/\n.elementor-widget-text-editor.elementor-drop-cap-view-stacked .elementor-drop-cap{background-color:#69727d;color:#fff}.elementor-widget-text-editor.elementor-drop-cap-view-framed .elementor-drop-cap{color:#69727d;border:3px solid;background-color:transparent}.elementor-widget-text-editor:not(.elementor-drop-cap-view-default) .elementor-drop-cap{margin-top:8px}.elementor-widget-text-editor:not(.elementor-drop-cap-view-default) .elementor-drop-cap-letter{width:1em;height:1em}.elementor-widget-text-editor .elementor-drop-cap{float:left;text-align:center;line-height:1;font-size:50px}.elementor-widget-text-editor .elementor-drop-cap-letter{display:inline-block}<\/style>\t\t\t\t<p>As a brewer you may be excellent at making your final product, but sometimes you may need help with all the work that goes into planning, setting up, running and managing a brewery.\u00a0<\/p><p>At Legacy we care about the success of our clients and friends' projects, and that's why we provide a range of services to make sure your business is profitable and your beer is excellent.<\/p><p>We have developed a series of consulting and support services services to help you in the planning, execution, start-up and operation of your brewery. You are not alone in the start-up of your project. Reach out to us.<\/p>\t\t\t\t\t\t<\/div>\n\t\t\t\t<\/div>\n\t\t\t\t\t<\/div>\n\t\t<\/div>\n\t\t\t\t<div class=\"elementor-column elementor-col-50 elementor-inner-column elementor-element elementor-element-43f26f8\" data-id=\"43f26f8\" data-element_type=\"column\">\n\t\t\t<div class=\"elementor-widget-wrap elementor-element-populated\">\n\t\t\t\t\t\t\t\t<div class=\"elementor-element elementor-element-11a550e elementor-widget elementor-widget-eael-image-accordion\" data-id=\"11a550e\" data-element_type=\"widget\" data-widget_type=\"eael-image-accordion.default\">\n\t\t\t\t<div class=\"elementor-widget-container\">\n\t\t\t    <div class=\"eael-img-accordion accordion-direction-horizontal eael-img-accordion-horizontal-align-center eael-img-accordion-vertical-align-center\" id=\"eael-img-accordion-11a550e\" data-img-accordion-id=\"11a550e\" data-img-accordion-type=\"on-hover\">\n                    \n            <a href=\"#\/\" class=\"eael-image-accordion-hover\" style=\"background-image: url(https:\/\/legacytc.mx\/wp-content\/uploads\/2023\/04\/DSC00109-scaled.jpg);\"  tabindex=\"0\">\n            <div class=\"overlay\">\n                <div class=\"overlay-inner\">\n                    <div class=\"overlay-inner\">\n                                            <\/div>\n                <\/div>\n            <\/div>\n            <\/a>\n                    \n            <a href=\"#\/\" class=\"eael-image-accordion-hover\" style=\"background-image: url(https:\/\/legacytc.mx\/wp-content\/uploads\/2023\/04\/IMG_20230123_091647_198-2.jpg);\"  tabindex=\"1\">\n            <div class=\"overlay\">\n                <div class=\"overlay-inner\">\n                    <div class=\"overlay-inner\">\n                                            <\/div>\n                <\/div>\n            <\/div>\n            <\/a>\n                    \n            <a href=\"#\/\" class=\"eael-image-accordion-hover\" style=\"background-image: url(https:\/\/legacytc.mx\/wp-content\/uploads\/2023\/04\/photo_5068915000126581281_y.jpg);\"  tabindex=\"2\">\n            <div class=\"overlay\">\n                <div class=\"overlay-inner\">\n                    <div class=\"overlay-inner\">\n                                            <\/div>\n                <\/div>\n            <\/div>\n            <\/a>\n                    \n            <a href=\"#\/\" class=\"eael-image-accordion-hover\" style=\"background-image: url(https:\/\/legacytc.mx\/wp-content\/uploads\/2023\/04\/20221105_141321-scaled.jpg);\"  tabindex=\"3\">\n            <div class=\"overlay\">\n                <div class=\"overlay-inner\">\n                    <div class=\"overlay-inner\">\n                                            <\/div>\n                <\/div>\n            <\/div>\n            <\/a>\n                    \n            <a href=\"#\/\" class=\"eael-image-accordion-hover\" style=\"background-image: url(https:\/\/legacytc.mx\/wp-content\/uploads\/2023\/04\/IMG_9571-scaled.jpg);\"  tabindex=\"4\">\n            <div class=\"overlay\">\n                <div class=\"overlay-inner\">\n                    <div class=\"overlay-inner\">\n                                            <\/div>\n                <\/div>\n            <\/div>\n            <\/a>\n                <\/div>\n        <style typr=\"text\/css\">\n                    #eael-img-accordion-11a550e .eael-image-accordion-hover:hover {\n                        flex: 3 1 0% !important;\n                    }\n                    #eael-img-accordion-11a550e .eael-image-accordion-hover:hover:hover .overlay-inner * {\n                        opacity: 1;\n                        visibility: visible;\n                        transform: none;\n                        transition: all .3s .3s;\n                    }\n                <\/style>\t\t<\/div>\n\t\t\t\t<\/div>\n\t\t\t\t\t<\/div>\n\t\t<\/div>\n\t\t\t\t\t\t\t<\/div>\n\t\t<\/section>\n\t\t\t\t\t<\/div>\n\t\t<\/div>\n\t\t\t\t\t\t\t<\/div>\n\t\t<\/section>\n\t\t\t\t<section class=\"elementor-section elementor-top-section elementor-element elementor-element-7463cc1 elementor-section-boxed elementor-section-height-default elementor-section-height-default\" data-id=\"7463cc1\" data-element_type=\"section\">\n\t\t\t\t\t\t<div class=\"elementor-container elementor-column-gap-default\">\n\t\t\t\t\t<div class=\"elementor-column elementor-col-100 elementor-top-column elementor-element elementor-element-86fef0d\" data-id=\"86fef0d\" data-element_type=\"column\">\n\t\t\t<div class=\"elementor-widget-wrap elementor-element-populated\">\n\t\t\t\t\t\t\t\t<div class=\"elementor-element elementor-element-fa13e1a elementor-widget elementor-widget-text-editor\" data-id=\"fa13e1a\" data-element_type=\"widget\" data-widget_type=\"text-editor.default\">\n\t\t\t\t<div class=\"elementor-widget-container\">\n\t\t\t\t\t\t\t<p><strong>We take care of everything and deliver the equipment \"Turnkey\".<\/strong><\/p>\t\t\t\t\t\t<\/div>\n\t\t\t\t<\/div>\n\t\t\t\t\t<\/div>\n\t\t<\/div>\n\t\t\t\t\t\t\t<\/div>\n\t\t<\/section>\n\t\t\t\t<section class=\"elementor-section elementor-top-section elementor-element elementor-element-e7f4408 elementor-section-boxed elementor-section-height-default elementor-section-height-default\" data-id=\"e7f4408\" data-element_type=\"section\">\n\t\t\t\t\t\t<div class=\"elementor-container elementor-column-gap-default\">\n\t\t\t\t\t<div class=\"elementor-column elementor-col-100 elementor-top-column elementor-element elementor-element-406ffbe\" data-id=\"406ffbe\" data-element_type=\"column\">\n\t\t\t<div class=\"elementor-widget-wrap elementor-element-populated\">\n\t\t\t\t\t\t\t\t<div class=\"elementor-element elementor-element-4ce9545 elementor-widget-tablet__width-initial elementor-widget elementor-widget-eael-adv-tabs\" data-id=\"4ce9545\" data-element_type=\"widget\" data-widget_type=\"eael-adv-tabs.default\">\n\t\t\t\t<div class=\"elementor-widget-container\">\n\t\t\t        <div id=\"eael-advance-tabs-4ce9545\" class=\"eael-advance-tabs eael-tabs-horizontal eael-tab-auto-active\" data-tabid=\"4ce9545\">\n            <div class=\"eael-tabs-nav\">\n                <ul class=\"eael-tab-inline-icon\">\n                                            <li id=\"brew-crew-asesoras-y-consultoras-\" class=\"inactive eael-tab-item-trigger\" aria-selected=\"true\" data-tab=\"1\" role=\"tab\" tabindex=\"0\" aria-controls=\"brew-crew-asesoras-y-consultoras--tab\" aria-expanded=\"false\">\n                            \n                                                                                                                            \n                                                            <span class=\"eael-tab-title  title-after-icon\">Brew Crew (Advisory and Consulting Services) <\/span>                            \n                                                    <\/li>\n                                            <li id=\"pimp-my-brew-mejoras-reparaciones-y-modificaciones\" class=\"inactive eael-tab-item-trigger\" aria-selected=\"false\" data-tab=\"2\" role=\"tab\" tabindex=\"-1\" aria-controls=\"pimp-my-brew-mejoras-reparaciones-y-modificaciones-tab\" aria-expanded=\"false\">\n                            \n                                                                                                                            \n                                                            <span class=\"eael-tab-title  title-after-icon\">Pimp My Brew<\/span>                            \n                                                    <\/li>\n                                    <\/ul>\n            <\/div>\n            \n            <div class=\"eael-tabs-content\">\n\t\t        \n                    <div id=\"brew-crew-asesoras-y-consultoras--tab\" class=\"clearfix eael-tab-content-item inactive\" data-title-link=\"brew-crew-asesoras-y-consultoras--tab\">\n\t\t\t\t        \t\t\t\t\t        <p>This series of advisories and consultancies is focused on the human capital and the internal process of your brewery. From the analysis of the viability of the project, until the first beer is fermenting.<\/p><p>Members of the Legacy team will accompany you in the process to help you hone your skills as a brewer, marketer, entrepreneur, and businessperson, through the following coaching, consulting, and services:<\/p><ul><li style=\"list-style-type: none;\"><ul><li>Project feasibility analysis.<\/li><li>Advice on planning, installation and start-up of breweries (national and international).<\/li><li>Operation, process and product diagnostics.<\/li><li>Professional support for start-up operations.<\/li><li>Creation of operating manuals (S.O.P.).<\/li><li>Business consulting.<\/li><li>Marketing and brand identity plans.<\/li><li>Instruction and training of team members (production, sales, beer appreciation, etc.).\u00a0<\/li><\/ul><\/li><\/ul><p><strong>Specific advisory services:<\/strong><\/p><ul><li>Beer lagering and storage processes.<\/li><li>Spontaneous fermentation.<\/li><li>Barrel programs.<\/li><li>Bottling and packaging.<\/li><li>Job placement and recruiting.<\/li><\/ul>\t\t\t\t                            <\/div>\n\t\t        \n                    <div id=\"pimp-my-brew-mejoras-reparaciones-y-modificaciones-tab\" class=\"clearfix eael-tab-content-item inactive\" data-title-link=\"pimp-my-brew-mejoras-reparaciones-y-modificaciones-tab\">\n\t\t\t\t        \t\t\t\t\t        <p class=\" translation-block\">Used equipment deserves a second chance. If you are having problems with your stainless steel equipment, we can help. <strong>\u201cPimp My Brew's\u201d<\/strong> services focus on upgrading services focus on upgrading existing equipment, repairing it, \"pimping\" it and making it ready to continue working. Among these services we offer:<\/p><ul><li>Engineering visits to diagnose modifications and improvements.<\/li><li>Equipment repairs.<\/li><li>Upgrades and modifications to existing equipment.<\/li><li>Piping system design and installation.<\/li><li>Jacketed and insulated tanks.<\/li><li>Installation of Rake and Plow systems.<\/li><li>Installation of process ports.<\/li><li>Installation of manways.<\/li><\/ul>\t\t\t\t                            <\/div>\n\t\t                    <\/div>\n        <\/div>\n\t\t<\/div>\n\t\t\t\t<\/div>\n\t\t\t\t<div class=\"elementor-element elementor-element-5206a3e elementor-widget elementor-widget-spacer\" data-id=\"5206a3e\" data-element_type=\"widget\" data-widget_type=\"spacer.default\">\n\t\t\t\t<div class=\"elementor-widget-container\">\n\t\t\t\t\t<div class=\"elementor-spacer\">\n\t\t\t<div class=\"elementor-spacer-inner\"><\/div>\n\t\t<\/div>\n\t\t\t\t<\/div>\n\t\t\t\t<\/div>\n\t\t\t\t\t<\/div>\n\t\t<\/div>\n\t\t\t\t\t\t\t<\/div>\n\t\t<\/section>\n\t\t\t\t\t\t\t<\/div>","protected":false},"excerpt":{"rendered":"<p>SERVICIOS, ASESOR\u00cdAS Y CONSULTOR\u00cdAS Como cervecero puedes ser excelente en la fabricaci\u00f3n de tu producto final, pero en ocasiones puedes requerir ayuda para todo el trabajo que conlleva planear, instalar, manejar y administrar una cervecer\u00eda.\u00a0 En Legacy nos preocupamos por que los proyectos de nuestros clientes y amigos sean exitosos, y por eso brindamos una&#8230;<\/p>","protected":false},"author":2,"featured_media":0,"parent":0,"menu_order":0,"comment_status":"closed","ping_status":"closed","template":"elementor_header_footer","meta":{"_kad_post_transparent":"","_kad_post_title":"","_kad_post_layout":"","_kad_post_sidebar_id":"","_kad_post_content_style":"","_kad_post_vertical_padding":"","_kad_post_feature":"","_kad_post_feature_position":"","_kad_post_header":false,"_kad_post_footer":false},"yoast_head":"<!-- This site is optimized with the Yoast SEO plugin v20.6 - https:\/\/yoast.com\/wordpress\/plugins\/seo\/ -->\n<title>Servicios - Legacy<\/title>\n<meta name=\"robots\" content=\"index, follow, max-snippet:-1, max-image-preview:large, max-video-preview:-1\" \/>\n<link rel=\"canonical\" href=\"https:\/\/legacytc.mx\/en\/servicios\/\" \/>\n<meta property=\"og:locale\" content=\"en_US\" \/>\n<meta property=\"og:type\" content=\"article\" \/>\n<meta property=\"og:title\" content=\"Servicios - Legacy\" \/>\n<meta property=\"og:description\" content=\"SERVICIOS, ASESOR\u00cdAS Y CONSULTOR\u00cdAS Como cervecero puedes ser excelente en la fabricaci\u00f3n de tu producto final, pero en ocasiones puedes requerir ayuda para todo el trabajo que conlleva planear, instalar, manejar y administrar una cervecer\u00eda.\u00a0 En Legacy nos preocupamos por que los proyectos de nuestros clientes y amigos sean exitosos, y por eso brindamos una...\" \/>\n<meta property=\"og:url\" content=\"https:\/\/legacytc.mx\/en\/servicios\/\" \/>\n<meta property=\"og:site_name\" content=\"Legacy\" \/>\n<meta property=\"article:publisher\" content=\"https:\/\/www.facebook.com\/legacytec\" \/>\n<meta property=\"article:modified_time\" content=\"2023-04-25T09:20:53+00:00\" \/>\n<meta property=\"og:image\" content=\"https:\/\/legacytc.mx\/wp-content\/uploads\/2022\/10\/LOGOTIPO-COLOR.png\" \/>\n\t<meta property=\"og:image:width\" content=\"296\" \/>\n\t<meta property=\"og:image:height\" content=\"296\" \/>\n\t<meta property=\"og:image:type\" content=\"image\/png\" \/>\n<meta name=\"twitter:card\" content=\"summary_large_image\" \/>\n<meta name=\"twitter:label1\" content=\"Est. reading time\" \/>\n\t<meta name=\"twitter:data1\" content=\"2 minutes\" \/>\n<script type=\"application\/ld+json\" class=\"yoast-schema-graph\">{\"@context\":\"https:\/\/schema.org\",\"@graph\":[{\"@type\":\"WebPage\",\"@id\":\"https:\/\/legacytc.mx\/servicios\/\",\"url\":\"https:\/\/legacytc.mx\/servicios\/\",\"name\":\"Servicios - Legacy\",\"isPartOf\":{\"@id\":\"https:\/\/legacytc.mx\/#website\"},\"datePublished\":\"2022-02-24T04:48:02+00:00\",\"dateModified\":\"2023-04-25T09:20:53+00:00\",\"breadcrumb\":{\"@id\":\"https:\/\/legacytc.mx\/servicios\/#breadcrumb\"},\"inLanguage\":\"en-US\",\"potentialAction\":[{\"@type\":\"ReadAction\",\"target\":[\"https:\/\/legacytc.mx\/servicios\/\"]}]},{\"@type\":\"BreadcrumbList\",\"@id\":\"https:\/\/legacytc.mx\/servicios\/#breadcrumb\",\"itemListElement\":[{\"@type\":\"ListItem\",\"position\":1,\"name\":\"Inicio\",\"item\":\"https:\/\/legacytc.mx\/\"},{\"@type\":\"ListItem\",\"position\":2,\"name\":\"Servicios\"}]},{\"@type\":\"WebSite\",\"@id\":\"https:\/\/legacytc.mx\/#website\",\"url\":\"https:\/\/legacytc.mx\/\",\"name\":\"Legacy TC - Tecnolog\u00eda en Acero\",\"description\":\"Tecnolog\u00eda Cervecera\",\"publisher\":{\"@id\":\"https:\/\/legacytc.mx\/#organization\"},\"alternateName\":\"Legacy TC\",\"potentialAction\":[{\"@type\":\"SearchAction\",\"target\":{\"@type\":\"EntryPoint\",\"urlTemplate\":\"https:\/\/legacytc.mx\/?s={search_term_string}\"},\"query-input\":\"required name=search_term_string\"}],\"inLanguage\":\"en-US\"},{\"@type\":\"Organization\",\"@id\":\"https:\/\/legacytc.mx\/#organization\",\"name\":\"Legacy TC\",\"url\":\"https:\/\/legacytc.mx\/\",\"logo\":{\"@type\":\"ImageObject\",\"inLanguage\":\"en-US\",\"@id\":\"https:\/\/legacytc.mx\/#\/schema\/logo\/image\/\",\"url\":\"https:\/\/legacytc.mx\/wp-content\/uploads\/2023\/04\/isoblack.png\",\"contentUrl\":\"https:\/\/legacytc.mx\/wp-content\/uploads\/2023\/04\/isoblack.png\",\"width\":455,\"height\":513,\"caption\":\"Legacy TC\"},\"image\":{\"@id\":\"https:\/\/legacytc.mx\/#\/schema\/logo\/image\/\"},\"sameAs\":[\"https:\/\/www.facebook.com\/legacytec\",\"https:\/\/www.instagram.com\/legacytec\/\"]}]}<\/script>\n<!-- \/ Yoast SEO plugin. -->","yoast_head_json":{"title":"Servicios - Legacy","robots":{"index":"index","follow":"follow","max-snippet":"max-snippet:-1","max-image-preview":"max-image-preview:large","max-video-preview":"max-video-preview:-1"},"canonical":"https:\/\/legacytc.mx\/en\/servicios\/","og_locale":"en_US","og_type":"article","og_title":"Servicios - Legacy","og_description":"SERVICIOS, ASESOR\u00cdAS Y CONSULTOR\u00cdAS Como cervecero puedes ser excelente en la fabricaci\u00f3n de tu producto final, pero en ocasiones puedes requerir ayuda para todo el trabajo que conlleva planear, instalar, manejar y administrar una cervecer\u00eda.\u00a0 En Legacy nos preocupamos por que los proyectos de nuestros clientes y amigos sean exitosos, y por eso brindamos una...","og_url":"https:\/\/legacytc.mx\/en\/servicios\/","og_site_name":"Legacy","article_publisher":"https:\/\/www.facebook.com\/legacytec","article_modified_time":"2023-04-25T09:20:53+00:00","og_image":[{"width":296,"height":296,"url":"https:\/\/legacytc.mx\/wp-content\/uploads\/2022\/10\/LOGOTIPO-COLOR.png","type":"image\/png"}],"twitter_card":"summary_large_image","twitter_misc":{"Est. reading time":"2 minutes"},"schema":{"@context":"https:\/\/schema.org","@graph":[{"@type":"WebPage","@id":"https:\/\/legacytc.mx\/servicios\/","url":"https:\/\/legacytc.mx\/servicios\/","name":"Servicios - Legacy","isPartOf":{"@id":"https:\/\/legacytc.mx\/#website"},"datePublished":"2022-02-24T04:48:02+00:00","dateModified":"2023-04-25T09:20:53+00:00","breadcrumb":{"@id":"https:\/\/legacytc.mx\/servicios\/#breadcrumb"},"inLanguage":"en-US","potentialAction":[{"@type":"ReadAction","target":["https:\/\/legacytc.mx\/servicios\/"]}]},{"@type":"BreadcrumbList","@id":"https:\/\/legacytc.mx\/servicios\/#breadcrumb","itemListElement":[{"@type":"ListItem","position":1,"name":"Inicio","item":"https:\/\/legacytc.mx\/"},{"@type":"ListItem","position":2,"name":"Servicios"}]},{"@type":"WebSite","@id":"https:\/\/legacytc.mx\/#website","url":"https:\/\/legacytc.mx\/","name":"Legacy TC - Tecnolog\u00eda en Acero","description":"Tecnolog\u00eda Cervecera","publisher":{"@id":"https:\/\/legacytc.mx\/#organization"},"alternateName":"Legacy TC","potentialAction":[{"@type":"SearchAction","target":{"@type":"EntryPoint","urlTemplate":"https:\/\/legacytc.mx\/?s={search_term_string}"},"query-input":"required name=search_term_string"}],"inLanguage":"en-US"},{"@type":"Organization","@id":"https:\/\/legacytc.mx\/#organization","name":"Legacy TC","url":"https:\/\/legacytc.mx\/","logo":{"@type":"ImageObject","inLanguage":"en-US","@id":"https:\/\/legacytc.mx\/#\/schema\/logo\/image\/","url":"https:\/\/legacytc.mx\/wp-content\/uploads\/2023\/04\/isoblack.png","contentUrl":"https:\/\/legacytc.mx\/wp-content\/uploads\/2023\/04\/isoblack.png","width":455,"height":513,"caption":"Legacy TC"},"image":{"@id":"https:\/\/legacytc.mx\/#\/schema\/logo\/image\/"},"sameAs":["https:\/\/www.facebook.com\/legacytec","https:\/\/www.instagram.com\/legacytec\/"]}]}},"_links":{"self":[{"href":"https:\/\/legacytc.mx\/en\/wp-json\/wp\/v2\/pages\/368"}],"collection":[{"href":"https:\/\/legacytc.mx\/en\/wp-json\/wp\/v2\/pages"}],"about":[{"href":"https:\/\/legacytc.mx\/en\/wp-json\/wp\/v2\/types\/page"}],"author":[{"embeddable":true,"href":"https:\/\/legacytc.mx\/en\/wp-json\/wp\/v2\/users\/2"}],"replies":[{"embeddable":true,"href":"https:\/\/legacytc.mx\/en\/wp-json\/wp\/v2\/comments?post=368"}],"version-history":[{"count":88,"href":"https:\/\/legacytc.mx\/en\/wp-json\/wp\/v2\/pages\/368\/revisions"}],"predecessor-version":[{"id":2413,"href":"https:\/\/legacytc.mx\/en\/wp-json\/wp\/v2\/pages\/368\/revisions\/2413"}],"wp:attachment":[{"href":"https:\/\/legacytc.mx\/en\/wp-json\/wp\/v2\/media?parent=368"}],"curies":[{"name":"wp","href":"https:\/\/api.w.org\/{rel}","templated":true}]}}