{"id":1288,"date":"2022-04-19T18:00:49","date_gmt":"2022-04-19T18:00:49","guid":{"rendered":"https:\/\/legacytc.mx\/?page_id=1288"},"modified":"2023-04-25T09:14:19","modified_gmt":"2023-04-25T09:14:19","slug":"destilerias","status":"publish","type":"page","link":"https:\/\/legacytc.mx\/en\/destilerias\/","title":{"rendered":"Destiler\u00edas"},"content":{"rendered":"<div data-elementor-type=\"wp-page\" data-elementor-id=\"1288\" class=\"elementor elementor-1288\">\n\t\t\t\t\t\t\t\t\t<section class=\"elementor-section elementor-top-section elementor-element elementor-element-4108b8d elementor-section-boxed elementor-section-height-default elementor-section-height-default\" data-id=\"4108b8d\" data-element_type=\"section\" data-settings=\"{&quot;background_background&quot;:&quot;slideshow&quot;,&quot;background_slideshow_gallery&quot;:[{&quot;id&quot;:1904,&quot;url&quot;:&quot;https:\\\/\\\/legacytc.mx\\\/wp-content\\\/uploads\\\/2023\\\/03\\\/BG@2x-100-scaled.jpg&quot;},{&quot;id&quot;:1749,&quot;url&quot;:&quot;https:\\\/\\\/legacytc.mx\\\/wp-content\\\/uploads\\\/2022\\\/10\\\/HEROIMAGE-1.png&quot;}],&quot;background_slideshow_ken_burns&quot;:&quot;yes&quot;,&quot;background_slideshow_loop&quot;:&quot;yes&quot;,&quot;background_slideshow_slide_duration&quot;:5000,&quot;background_slideshow_slide_transition&quot;:&quot;fade&quot;,&quot;background_slideshow_transition_duration&quot;:500,&quot;background_slideshow_ken_burns_zoom_direction&quot;:&quot;in&quot;}\">\n\t\t\t\t\t\t<div class=\"elementor-container elementor-column-gap-default\">\n\t\t\t\t\t<div class=\"elementor-column elementor-col-100 elementor-top-column elementor-element elementor-element-8db1ca1\" data-id=\"8db1ca1\" data-element_type=\"column\">\n\t\t\t<div class=\"elementor-widget-wrap elementor-element-populated\">\n\t\t\t\t\t\t\t\t<div class=\"elementor-element elementor-element-bceea1c elementor-widget elementor-widget-spacer\" data-id=\"bceea1c\" data-element_type=\"widget\" data-widget_type=\"spacer.default\">\n\t\t\t\t<div class=\"elementor-widget-container\">\n\t\t\t<style>\/*! elementor - v3.12.0 - 29-03-2023 *\/\n.elementor-column .elementor-spacer-inner{height:var(--spacer-size)}.e-con{--container-widget-width:100%}.e-con-inner>.elementor-widget-spacer,.e-con>.elementor-widget-spacer{width:var(--container-widget-width,var(--spacer-size));--align-self:var(--container-widget-align-self,initial);--flex-shrink:0}.e-con-inner>.elementor-widget-spacer>.elementor-widget-container,.e-con-inner>.elementor-widget-spacer>.elementor-widget-container>.elementor-spacer,.e-con>.elementor-widget-spacer>.elementor-widget-container,.e-con>.elementor-widget-spacer>.elementor-widget-container>.elementor-spacer{height:100%}.e-con-inner>.elementor-widget-spacer>.elementor-widget-container>.elementor-spacer>.elementor-spacer-inner,.e-con>.elementor-widget-spacer>.elementor-widget-container>.elementor-spacer>.elementor-spacer-inner{height:var(--container-widget-height,var(--spacer-size))}<\/style>\t\t<div class=\"elementor-spacer\">\n\t\t\t<div class=\"elementor-spacer-inner\"><\/div>\n\t\t<\/div>\n\t\t\t\t<\/div>\n\t\t\t\t<\/div>\n\t\t\t\t\t<\/div>\n\t\t<\/div>\n\t\t\t\t\t\t\t<\/div>\n\t\t<\/section>\n\t\t\t\t<section class=\"elementor-section elementor-top-section elementor-element elementor-element-89a4642 elementor-section-full_width elementor-section-height-min-height elementor-section-height-default elementor-section-items-middle\" data-id=\"89a4642\" data-element_type=\"section\" data-settings=\"{&quot;background_background&quot;:&quot;classic&quot;}\">\n\t\t\t\t\t\t<div class=\"elementor-container elementor-column-gap-default\">\n\t\t\t\t\t<div class=\"elementor-column elementor-col-100 elementor-top-column elementor-element elementor-element-09ac3a5\" data-id=\"09ac3a5\" data-element_type=\"column\">\n\t\t\t<div class=\"elementor-widget-wrap elementor-element-populated\">\n\t\t\t\t\t\t\t\t<section class=\"elementor-section elementor-inner-section elementor-element elementor-element-c2d6036 elementor-section-content-middle elementor-section-boxed elementor-section-height-default elementor-section-height-default\" data-id=\"c2d6036\" data-element_type=\"section\">\n\t\t\t\t\t\t<div class=\"elementor-container elementor-column-gap-wider\">\n\t\t\t\t\t<div class=\"elementor-column elementor-col-50 elementor-inner-column elementor-element elementor-element-7dc5751\" data-id=\"7dc5751\" data-element_type=\"column\">\n\t\t\t<div class=\"elementor-widget-wrap elementor-element-populated\">\n\t\t\t\t\t\t\t\t<div class=\"elementor-element elementor-element-19422fa elementor-arrows-position-inside elementor-widget elementor-widget-image-carousel\" data-id=\"19422fa\" data-element_type=\"widget\" data-settings=\"{&quot;slides_to_show&quot;:&quot;1&quot;,&quot;navigation&quot;:&quot;arrows&quot;,&quot;autoplay&quot;:&quot;yes&quot;,&quot;pause_on_hover&quot;:&quot;yes&quot;,&quot;pause_on_interaction&quot;:&quot;yes&quot;,&quot;autoplay_speed&quot;:5000,&quot;infinite&quot;:&quot;yes&quot;,&quot;effect&quot;:&quot;slide&quot;,&quot;speed&quot;:500}\" data-widget_type=\"image-carousel.default\">\n\t\t\t\t<div class=\"elementor-widget-container\">\n\t\t\t<style>\/*! elementor - v3.12.0 - 29-03-2023 *\/\n.elementor-widget-image-carousel .swiper,.elementor-widget-image-carousel .swiper-container{position:static}.elementor-widget-image-carousel .swiper-container .swiper-slide figure,.elementor-widget-image-carousel .swiper .swiper-slide figure{line-height:inherit}.elementor-widget-image-carousel .swiper-slide{text-align:center}.elementor-image-carousel-wrapper:not(.swiper-container-initialized) .swiper-slide,.elementor-image-carousel-wrapper:not(.swiper-initialized) .swiper-slide{max-width:calc(100% \/ var(--e-image-carousel-slides-to-show, 3))}<\/style>\t\t<div class=\"elementor-image-carousel-wrapper swiper-container\" dir=\"ltr\">\n\t\t\t<div class=\"elementor-image-carousel swiper-wrapper\">\n\t\t\t\t\t\t\t\t<div class=\"swiper-slide\"><figure class=\"swiper-slide-inner\"><img decoding=\"async\" class=\"swiper-slide-image\" src=\"https:\/\/legacytc.mx\/wp-content\/uploads\/2023\/04\/WhatsApp-Image-2022-05-02-at-1.00.31-PM.jpg\" alt=\"WhatsApp Image 2022-05-02 at 1.00.31 PM\" \/><\/figure><\/div><div class=\"swiper-slide\"><figure class=\"swiper-slide-inner\"><img decoding=\"async\" class=\"swiper-slide-image\" src=\"https:\/\/legacytc.mx\/wp-content\/uploads\/2023\/04\/WhatsApp-Image-2022-05-02-at-1.01.17-PM.jpg\" alt=\"WhatsApp Image 2022-05-02 at 1.01.17 PM\" \/><\/figure><\/div><div class=\"swiper-slide\"><figure class=\"swiper-slide-inner\"><img decoding=\"async\" class=\"swiper-slide-image\" src=\"https:\/\/legacytc.mx\/wp-content\/uploads\/2023\/04\/WhatsApp-Image-2022-05-02-at-12.23.04-PM.jpg\" alt=\"WhatsApp Image 2022-05-02 at 12.23.04 PM\" \/><\/figure><\/div>\t\t\t<\/div>\n\t\t\t\t\t\t\t\t\t\t\t\t\t\t\t\t<div class=\"elementor-swiper-button elementor-swiper-button-prev\">\n\t\t\t\t\t\t<i aria-hidden=\"true\" class=\"eicon-chevron-left\"><\/i>\t\t\t\t\t\t<span class=\"elementor-screen-only\">Previous<\/span>\n\t\t\t\t\t<\/div>\n\t\t\t\t\t<div class=\"elementor-swiper-button elementor-swiper-button-next\">\n\t\t\t\t\t\t<i aria-hidden=\"true\" class=\"eicon-chevron-right\"><\/i>\t\t\t\t\t\t<span class=\"elementor-screen-only\">Next<\/span>\n\t\t\t\t\t<\/div>\n\t\t\t\t\t\t\t\t\t<\/div>\n\t\t\t\t<\/div>\n\t\t\t\t<\/div>\n\t\t\t\t\t<\/div>\n\t\t<\/div>\n\t\t\t\t<div class=\"elementor-column elementor-col-50 elementor-inner-column elementor-element elementor-element-0b589b6\" data-id=\"0b589b6\" data-element_type=\"column\" data-settings=\"{&quot;background_background&quot;:&quot;classic&quot;}\">\n\t\t\t<div class=\"elementor-widget-wrap elementor-element-populated\">\n\t\t\t\t\t\t\t\t<div class=\"elementor-element elementor-element-bc2e080 elementor-widget elementor-widget-heading\" data-id=\"bc2e080\" data-element_type=\"widget\" data-widget_type=\"heading.default\">\n\t\t\t\t<div class=\"elementor-widget-container\">\n\t\t\t<style>\/*! elementor - v3.12.0 - 29-03-2023 *\/\n.elementor-heading-title{padding:0;margin:0;line-height:1}.elementor-widget-heading .elementor-heading-title[class*=elementor-size-]>a{color:inherit;font-size:inherit;line-height:inherit}.elementor-widget-heading .elementor-heading-title.elementor-size-small{font-size:15px}.elementor-widget-heading .elementor-heading-title.elementor-size-medium{font-size:19px}.elementor-widget-heading .elementor-heading-title.elementor-size-large{font-size:29px}.elementor-widget-heading .elementor-heading-title.elementor-size-xl{font-size:39px}.elementor-widget-heading .elementor-heading-title.elementor-size-xxl{font-size:59px}<\/style><h2 class=\"elementor-heading-title elementor-size-default\">DISTILLERIES<\/h2>\t\t<\/div>\n\t\t\t\t<\/div>\n\t\t\t\t<div class=\"elementor-element elementor-element-0b675a1 elementor-widget elementor-widget-text-editor\" data-id=\"0b675a1\" data-element_type=\"widget\" data-widget_type=\"text-editor.default\">\n\t\t\t\t<div class=\"elementor-widget-container\">\n\t\t\t<style>\/*! elementor - v3.12.0 - 29-03-2023 *\/\n.elementor-widget-text-editor.elementor-drop-cap-view-stacked .elementor-drop-cap{background-color:#69727d;color:#fff}.elementor-widget-text-editor.elementor-drop-cap-view-framed .elementor-drop-cap{color:#69727d;border:3px solid;background-color:transparent}.elementor-widget-text-editor:not(.elementor-drop-cap-view-default) .elementor-drop-cap{margin-top:8px}.elementor-widget-text-editor:not(.elementor-drop-cap-view-default) .elementor-drop-cap-letter{width:1em;height:1em}.elementor-widget-text-editor .elementor-drop-cap{float:left;text-align:center;line-height:1;font-size:50px}.elementor-widget-text-editor .elementor-drop-cap-letter{display:inline-block}<\/style>\t\t\t\t<p>All of us who are involved in fermentation have considered taking our activity to the next level: distilling. <b>At Legacy we have designed the right systems for proper and safe distillation<\/b> of spirits. We can manufacture the equipment for your distillery as you need it, for the volume you require.<\/p>\t\t\t\t\t\t<\/div>\n\t\t\t\t<\/div>\n\t\t\t\t<div class=\"elementor-element elementor-element-9200bd0 elementor-widget elementor-widget-text-editor\" data-id=\"9200bd0\" data-element_type=\"widget\" data-widget_type=\"text-editor.default\">\n\t\t\t\t<div class=\"elementor-widget-container\">\n\t\t\t\t\t\t\t<p><b>We have created alliances with the best copper producers<\/b> from Michoac\u00e1n to deliver hybrid distillation systems that combine the strength and durability of stainless steel with the malleability, aesthetics and functionality of copper caps, coils and condensers to give you the perfect distillation process.<\/p>\t\t\t\t\t\t<\/div>\n\t\t\t\t<\/div>\n\t\t\t\t<div class=\"elementor-element elementor-element-e7acdd8 elementor-widget elementor-widget-text-editor\" data-id=\"e7acdd8\" data-element_type=\"widget\" data-widget_type=\"text-editor.default\">\n\t\t\t\t<div class=\"elementor-widget-container\">\n\t\t\t\t\t\t\t<p>We can manufacture equipment for distilling: mezcal and tequila, whiskey, vodka and gin, and other distillates.<\/p>\t\t\t\t\t\t<\/div>\n\t\t\t\t<\/div>\n\t\t\t\t\t<\/div>\n\t\t<\/div>\n\t\t\t\t\t\t\t<\/div>\n\t\t<\/section>\n\t\t\t\t\t<\/div>\n\t\t<\/div>\n\t\t\t\t\t\t\t<\/div>\n\t\t<\/section>\n\t\t\t\t\t\t\t<\/div>","protected":false},"excerpt":{"rendered":"<p>Previo Siguiente DESTILER\u00cdAS Todos los que nos dedicamos a la fermentaci\u00f3n, hemos considerado llevar nuestra actividad al siguiente nivel: a destilar. En Legacy hemos dise\u00f1ado los sistemas adecuados para la destilaci\u00f3n adecuada y segura de bebidas espirituosas. Podemos fabricar el equipo para tu destiler\u00eda conforme necesites, para el volumen que requieras. Hemos creado alianzas con&#8230;<\/p>","protected":false},"author":2,"featured_media":0,"parent":0,"menu_order":0,"comment_status":"closed","ping_status":"closed","template":"elementor_header_footer","meta":{"_kad_post_transparent":"","_kad_post_title":"","_kad_post_layout":"","_kad_post_sidebar_id":"","_kad_post_content_style":"","_kad_post_vertical_padding":"","_kad_post_feature":"","_kad_post_feature_position":"","_kad_post_header":false,"_kad_post_footer":false},"yoast_head":"<!-- This site is optimized with the Yoast SEO plugin v20.6 - https:\/\/yoast.com\/wordpress\/plugins\/seo\/ -->\n<title>Destiler\u00edas - Legacy<\/title>\n<meta name=\"robots\" content=\"index, follow, max-snippet:-1, max-image-preview:large, max-video-preview:-1\" \/>\n<link rel=\"canonical\" href=\"https:\/\/legacytc.mx\/en\/destilerias\/\" \/>\n<meta property=\"og:locale\" content=\"en_US\" \/>\n<meta property=\"og:type\" content=\"article\" \/>\n<meta property=\"og:title\" content=\"Destiler\u00edas - Legacy\" \/>\n<meta property=\"og:description\" content=\"Previo Siguiente DESTILER\u00cdAS Todos los que nos dedicamos a la fermentaci\u00f3n, hemos considerado llevar nuestra actividad al siguiente nivel: a destilar. En Legacy hemos dise\u00f1ado los sistemas adecuados para la destilaci\u00f3n adecuada y segura de bebidas espirituosas. Podemos fabricar el equipo para tu destiler\u00eda conforme necesites, para el volumen que requieras. Hemos creado alianzas con...\" \/>\n<meta property=\"og:url\" content=\"https:\/\/legacytc.mx\/en\/destilerias\/\" \/>\n<meta property=\"og:site_name\" content=\"Legacy\" \/>\n<meta property=\"article:publisher\" content=\"https:\/\/www.facebook.com\/legacytec\" \/>\n<meta property=\"article:modified_time\" content=\"2023-04-25T09:14:19+00:00\" \/>\n<meta property=\"og:image\" content=\"https:\/\/legacytc.mx\/wp-content\/uploads\/2023\/04\/WhatsApp-Image-2022-05-02-at-1.00.31-PM.jpg\" \/>\n<meta name=\"twitter:card\" content=\"summary_large_image\" \/>\n<meta name=\"twitter:label1\" content=\"Est. reading time\" \/>\n\t<meta name=\"twitter:data1\" content=\"1 minute\" \/>\n<script type=\"application\/ld+json\" class=\"yoast-schema-graph\">{\"@context\":\"https:\/\/schema.org\",\"@graph\":[{\"@type\":\"WebPage\",\"@id\":\"https:\/\/legacytc.mx\/destilerias\/\",\"url\":\"https:\/\/legacytc.mx\/destilerias\/\",\"name\":\"Destiler\u00edas - Legacy\",\"isPartOf\":{\"@id\":\"https:\/\/legacytc.mx\/#website\"},\"datePublished\":\"2022-04-19T18:00:49+00:00\",\"dateModified\":\"2023-04-25T09:14:19+00:00\",\"breadcrumb\":{\"@id\":\"https:\/\/legacytc.mx\/destilerias\/#breadcrumb\"},\"inLanguage\":\"en-US\",\"potentialAction\":[{\"@type\":\"ReadAction\",\"target\":[\"https:\/\/legacytc.mx\/destilerias\/\"]}]},{\"@type\":\"BreadcrumbList\",\"@id\":\"https:\/\/legacytc.mx\/destilerias\/#breadcrumb\",\"itemListElement\":[{\"@type\":\"ListItem\",\"position\":1,\"name\":\"Inicio\",\"item\":\"https:\/\/legacytc.mx\/\"},{\"@type\":\"ListItem\",\"position\":2,\"name\":\"Destiler\u00edas\"}]},{\"@type\":\"WebSite\",\"@id\":\"https:\/\/legacytc.mx\/#website\",\"url\":\"https:\/\/legacytc.mx\/\",\"name\":\"Legacy TC - Tecnolog\u00eda en Acero\",\"description\":\"Tecnolog\u00eda Cervecera\",\"publisher\":{\"@id\":\"https:\/\/legacytc.mx\/#organization\"},\"alternateName\":\"Legacy TC\",\"potentialAction\":[{\"@type\":\"SearchAction\",\"target\":{\"@type\":\"EntryPoint\",\"urlTemplate\":\"https:\/\/legacytc.mx\/?s={search_term_string}\"},\"query-input\":\"required name=search_term_string\"}],\"inLanguage\":\"en-US\"},{\"@type\":\"Organization\",\"@id\":\"https:\/\/legacytc.mx\/#organization\",\"name\":\"Legacy TC\",\"url\":\"https:\/\/legacytc.mx\/\",\"logo\":{\"@type\":\"ImageObject\",\"inLanguage\":\"en-US\",\"@id\":\"https:\/\/legacytc.mx\/#\/schema\/logo\/image\/\",\"url\":\"https:\/\/legacytc.mx\/wp-content\/uploads\/2023\/04\/isoblack.png\",\"contentUrl\":\"https:\/\/legacytc.mx\/wp-content\/uploads\/2023\/04\/isoblack.png\",\"width\":455,\"height\":513,\"caption\":\"Legacy TC\"},\"image\":{\"@id\":\"https:\/\/legacytc.mx\/#\/schema\/logo\/image\/\"},\"sameAs\":[\"https:\/\/www.facebook.com\/legacytec\",\"https:\/\/www.instagram.com\/legacytec\/\"]}]}<\/script>\n<!-- \/ Yoast SEO plugin. -->","yoast_head_json":{"title":"Destiler\u00edas - Legacy","robots":{"index":"index","follow":"follow","max-snippet":"max-snippet:-1","max-image-preview":"max-image-preview:large","max-video-preview":"max-video-preview:-1"},"canonical":"https:\/\/legacytc.mx\/en\/destilerias\/","og_locale":"en_US","og_type":"article","og_title":"Destiler\u00edas - Legacy","og_description":"Previo Siguiente DESTILER\u00cdAS Todos los que nos dedicamos a la fermentaci\u00f3n, hemos considerado llevar nuestra actividad al siguiente nivel: a destilar. En Legacy hemos dise\u00f1ado los sistemas adecuados para la destilaci\u00f3n adecuada y segura de bebidas espirituosas. Podemos fabricar el equipo para tu destiler\u00eda conforme necesites, para el volumen que requieras. Hemos creado alianzas con...","og_url":"https:\/\/legacytc.mx\/en\/destilerias\/","og_site_name":"Legacy","article_publisher":"https:\/\/www.facebook.com\/legacytec","article_modified_time":"2023-04-25T09:14:19+00:00","og_image":[{"url":"https:\/\/legacytc.mx\/wp-content\/uploads\/2023\/04\/WhatsApp-Image-2022-05-02-at-1.00.31-PM.jpg"}],"twitter_card":"summary_large_image","twitter_misc":{"Est. reading time":"1 minute"},"schema":{"@context":"https:\/\/schema.org","@graph":[{"@type":"WebPage","@id":"https:\/\/legacytc.mx\/destilerias\/","url":"https:\/\/legacytc.mx\/destilerias\/","name":"Destiler\u00edas - Legacy","isPartOf":{"@id":"https:\/\/legacytc.mx\/#website"},"datePublished":"2022-04-19T18:00:49+00:00","dateModified":"2023-04-25T09:14:19+00:00","breadcrumb":{"@id":"https:\/\/legacytc.mx\/destilerias\/#breadcrumb"},"inLanguage":"en-US","potentialAction":[{"@type":"ReadAction","target":["https:\/\/legacytc.mx\/destilerias\/"]}]},{"@type":"BreadcrumbList","@id":"https:\/\/legacytc.mx\/destilerias\/#breadcrumb","itemListElement":[{"@type":"ListItem","position":1,"name":"Inicio","item":"https:\/\/legacytc.mx\/"},{"@type":"ListItem","position":2,"name":"Destiler\u00edas"}]},{"@type":"WebSite","@id":"https:\/\/legacytc.mx\/#website","url":"https:\/\/legacytc.mx\/","name":"Legacy TC - Tecnolog\u00eda en Acero","description":"Tecnolog\u00eda Cervecera","publisher":{"@id":"https:\/\/legacytc.mx\/#organization"},"alternateName":"Legacy TC","potentialAction":[{"@type":"SearchAction","target":{"@type":"EntryPoint","urlTemplate":"https:\/\/legacytc.mx\/?s={search_term_string}"},"query-input":"required name=search_term_string"}],"inLanguage":"en-US"},{"@type":"Organization","@id":"https:\/\/legacytc.mx\/#organization","name":"Legacy TC","url":"https:\/\/legacytc.mx\/","logo":{"@type":"ImageObject","inLanguage":"en-US","@id":"https:\/\/legacytc.mx\/#\/schema\/logo\/image\/","url":"https:\/\/legacytc.mx\/wp-content\/uploads\/2023\/04\/isoblack.png","contentUrl":"https:\/\/legacytc.mx\/wp-content\/uploads\/2023\/04\/isoblack.png","width":455,"height":513,"caption":"Legacy TC"},"image":{"@id":"https:\/\/legacytc.mx\/#\/schema\/logo\/image\/"},"sameAs":["https:\/\/www.facebook.com\/legacytec","https:\/\/www.instagram.com\/legacytec\/"]}]}},"_links":{"self":[{"href":"https:\/\/legacytc.mx\/en\/wp-json\/wp\/v2\/pages\/1288"}],"collection":[{"href":"https:\/\/legacytc.mx\/en\/wp-json\/wp\/v2\/pages"}],"about":[{"href":"https:\/\/legacytc.mx\/en\/wp-json\/wp\/v2\/types\/page"}],"author":[{"embeddable":true,"href":"https:\/\/legacytc.mx\/en\/wp-json\/wp\/v2\/users\/2"}],"replies":[{"embeddable":true,"href":"https:\/\/legacytc.mx\/en\/wp-json\/wp\/v2\/comments?post=1288"}],"version-history":[{"count":37,"href":"https:\/\/legacytc.mx\/en\/wp-json\/wp\/v2\/pages\/1288\/revisions"}],"predecessor-version":[{"id":2404,"href":"https:\/\/legacytc.mx\/en\/wp-json\/wp\/v2\/pages\/1288\/revisions\/2404"}],"wp:attachment":[{"href":"https:\/\/legacytc.mx\/en\/wp-json\/wp\/v2\/media?parent=1288"}],"curies":[{"name":"wp","href":"https:\/\/api.w.org\/{rel}","templated":true}]}}